{"id":147,"date":"2023-02-01T20:47:52","date_gmt":"2023-02-01T20:47:52","guid":{"rendered":"https:\/\/backup.aosacademy.com\/how-to-use-your-phone-laptop-and-other-gadgets-to-learn-french-language-for-tef-exam\/"},"modified":"2023-02-01T20:47:52","modified_gmt":"2023-02-01T20:47:52","slug":"how-to-use-your-phone-laptop-and-other-gadgets-to-learn-french-language-for-tef-exam","status":"publish","type":"page","link":"https:\/\/backup.aosacademy.com\/?page_id=147","title":{"rendered":"How to use your phone, laptop, and other gadgets to learn French Language for TEF exam."},"content":{"rendered":"<p>The year is 2023 and almost everyone has a functioning smartphone or laptop. Do you know that you can use any of those gadgets to learn the French Language conveniently, and at your own pace for the preparation of your <a href=\"https:\/\/www.youtube.com\/live\/A8XHIo9tLGM?feature=share\">JAPA to CANADA in 2023<\/a>\u00a0goals? Yes!! You can use your gadgets to access different resources that will yield results that take you one step close to achieving your dream. Your phone or laptop can be used for so much more than just calls, messages, or surfing through social media. It can be the tool you use to start your migration journey, at your own rate and at your own pace.<\/p>\n<p>The year is 2023 and almost everyone has a functioning smartphone or laptop. Do you know that you can use any of those gadgets to learn the French Language conveniently, and at your own pace for the preparation of your\u00a0JAPA to CANADA in 2023\u00a0goals?<br \/>\nYes!! You can use your gadgets to access different resources that will yield results that take you one step closer to achieving your dream. Your phone or laptop can be used for so much more than just calls, messages, or surfing through social media. It can be the tool you use to start your migration journey, at your own rate and at your own pace.<br \/>\nThe Top 5 Ways<br \/>\nYou can learn the French Language for any French proficiency exam using your phone and laptop by using any of these methods:<br \/>\nOnline Courses:\u00a0There are numerous online courses available on platforms like\u00a0A.O.S Academy, Coursera, Udemy, and Duolingo that can be accessed through a smartphone or laptop. On these platforms, especially\u00a0A.O.S Academy, you will find affordable or\u00a0free courses (Click This Link to Claim\u00a0A Free Course\u00a0) with structured styles designed by experts to provide you with a solid foundation in French grammar and vocabulary. On the\u00a0A.O.S Academy\u00a0platform, you can pick from an array of easy-to-start courses that\u00a0allow you to learn at your pace while having a teacher guiding you in the\u00a0A.O.S Language School. They will provide you with A \u00a0tutor to guide you, and answer your questions which can be very helpful in your language-learning journey.<br \/>\nPractice With Online Conversations:\u00a0Websites like\u00a0A.O.S Academy, Tandem, MyLanguageExchange, and HelloTalk allow users to find language partners for online conversations. One of the best ways to learn French is to immerse yourself in the language and culture. This can include watching French movies and TV shows, listening to French music, and reading French books or news articles. The\u00a0A.O.S Language School\u00a0offers\u00a0courses\u00a0that allow you to converse one on one with a coach.<br \/>\nLanguage Learning Apps:\u00a0There are various language learning apps like Babbel, Rosetta Stone, and Busuu, that can be downloaded and used on a smartphone or laptop.<br \/>\nSocial Media:\u00a0Following French language learners and educators on social media platforms like Facebook, Twitter, and Instagram can provide opportunities for interactive language practice.<br \/>\nUse online resources:\u00a0The internet is full of resources that can help you learn French. Websites like\u00a0A.O.S Academy, Duolingo, Babbel, and Rosetta Stone offer comprehensive language\u00a0courses, resources (Click this Link to Claim Free Resources), and interactive lessons in the French Language. You can also find videos, podcasts, and\u00a0blogs\u00a0that are specifically designed to help you learn French.French Learning YouTube Channels:\u00a0French language learners can also benefit from watching videos by French language teachers and content creators on YouTube. You can develop confidence in your French Language skills by watching short videos on YouTube from channels like\u00a0@AOSAcademy. They usually have live events where they motivate and give tips for your journey.<br \/>\nAll of these methods of learning the French Language can be done using your smartphone or laptop from the comfort of your home, at your own given time. It will use the same level of data that you use to surf the internet casually, and it will prepare you for\u00a0any of the French Language proficiency exams.Why Should You Even Learn French Language?<br \/>\nApart from the fact that French is globally accepted as a language that will increase your language skills, it will also increase your career advancement or the educational opportunities you might come across.<br \/>\nAlso, if you are interested in migrating to Canada in 2023 either for study or permanent residence, Canada accepts several French proficiency exams as proof of language proficiency for immigration purposes as long as you are 16 years or older. This means that if you are able to learn the language and pass the exams, then you\u2019re one step closer to your Canadian dream.<br \/>\nSome of Those Acceptable Exams are:<\/p>\n<p>Test d&#8217;\u00e9valuation de fran\u00e7ais (TEF)<br \/>\nDipl\u00f4me d&#8217;\u00e9tudes en langue fran\u00e7aise (DELF)<br \/>\nDipl\u00f4me approfondi de langue fran\u00e7aise (DALF)<br \/>\nNiveaux de comp\u00e9tence linguistique canadiens (NCLC)By setting specific and realistic goals, immersing yourself in the language and culture, using\u00a0online resources, practicing regularly, taking structured courses on the\u00a0A.O.S Academy Platform, staying motivated, and practicing with native speakers, you can become proficient in French in no time with the help of your smartphone or laptop.<br \/>\nIn conclusion, learning French can be a rewarding and fulfilling experience. It is one of the most widely spoken languages in the world with a rich cultural heritage that can open up many opportunities for personal and professional growth. Remember, your smartphone or laptop can be the tool you use to start your Canada dream journey.Make Money and Migrate to Canada in 2023<br \/>\nDo you know that with the help of your smartphone or laptop, you can join this live event where A.O.S Canada IRC trains intending immigrants\u00a0(Above 18) on how to earn and relocate to Canada in 2023?The live event is completely free to attend for all. It will be filled with information on migration, top secrets of successful immigrants, travel agencies, and immigration consultants.<br \/>\nThe goal of this event is to help you achieve financial literacy, and travel success as regards your relocation to Canada. You do not need to pay any licensed immigration consultant, travel agent, or representative to do your processing for you, or your family.<br \/>\nIn this event, you will learn\u00a010 lawful money-making strategies to start a successful relocation using Other People\u2019s Money (OPM) without spending millions of naira (or thousands of your own dollars) on the processing,\u00a0you will\u00a0also learn how you can succeed in getting your visa, and temporary or permanent residency status alone without any extra help.\u00a0Start your migration journey today.Click This Link To RSVP For This Event Now!!!!!\u00a0<\/p>\n","protected":false},"excerpt":{"rendered":"<p>The year is 2023 and almost everyone has a functioning smartphone or laptop. Do you know that you can use any of those gadgets to learn the French Language conveniently, and at your own pace for the preparation of your <a href=\"https:\/\/www.youtube.com\/live\/A8XHIo9tLGM?feature=share\">JAPA to CANADA in 2023<\/a>\u00a0goals? Yes!! You can use your gadgets to access different resources that will yield results that take you one step close to achieving your dream. Your phone or laptop can be used for so much more than just calls, messages, or surfing through social media. It can be the tool you use to start your migration journey, at your own rate and at your own pace.<\/p>\n","protected":false},"author":1,"featured_media":0,"parent":0,"menu_order":2,"comment_status":"closed","ping_status":"closed","template":"","meta":{"footnotes":""},"class_list":["post-147","page","type-page","status-publish","hentry"],"_links":{"self":[{"href":"https:\/\/backup.aosacademy.com\/index.php?rest_route=\/wp\/v2\/pages\/147","targetHints":{"allow":["GET"]}}],"collection":[{"href":"https:\/\/backup.aosacademy.com\/index.php?rest_route=\/wp\/v2\/pages"}],"about":[{"href":"https:\/\/backup.aosacademy.com\/index.php?rest_route=\/wp\/v2\/types\/page"}],"author":[{"embeddable":true,"href":"https:\/\/backup.aosacademy.com\/index.php?rest_route=\/wp\/v2\/users\/1"}],"replies":[{"embeddable":true,"href":"https:\/\/backup.aosacademy.com\/index.php?rest_route=%2Fwp%2Fv2%2Fcomments&post=147"}],"version-history":[{"count":0,"href":"https:\/\/backup.aosacademy.com\/index.php?rest_route=\/wp\/v2\/pages\/147\/revisions"}],"wp:attachment":[{"href":"https:\/\/backup.aosacademy.com\/index.php?rest_route=%2Fwp%2Fv2%2Fmedia&parent=147"}],"curies":[{"name":"wp","href":"https:\/\/api.w.org\/{rel}","templated":true}]}}