{"id":64,"date":"2021-03-15T07:38:15","date_gmt":"2021-03-15T07:38:15","guid":{"rendered":"https:\/\/backup.aosacademy.com\/the-economic-benefits-of-taking-tef-tcf-or-delf-dalf-test\/"},"modified":"2021-03-15T07:38:15","modified_gmt":"2021-03-15T07:38:15","slug":"the-economic-benefits-of-taking-tef-tcf-or-delf-dalf-test","status":"publish","type":"page","link":"https:\/\/backup.aosacademy.com\/?page_id=64","title":{"rendered":"The Economic Benefits of Taking TEF, TCF or DELF-DALF Test"},"content":{"rendered":"<p>TEF Canada test especially seems to be the new trend that most Canadian Immigration applicants are thinking of, talking about and wanting to take but not everyone knows the reasons why it is quite important to do so. Thus, in this blog article, I would like to educate you all about the various benefits for taking and excelling in TEF Canada or TCF test and even DELF-DALF not only for Canada Immigration purposes but other major reasons&#8230;<\/p>\n<p>TEF Canada test especially seems to be the new trend that most Canadian Immigration applicants are thinking of, talking about and wanting to take but not everyone knows the reasons why it is quite important to do so. Thus, in this blog article, I would like to educate you all about the various benefits for taking and excelling in TEF Canada or TCF test and even DELF-DALF not only for Canada Immigration purposes but other major reasons.<br \/>\nTEF and TCF Tests<br \/>\nFurthermore, the TEF and TCF are open to anyone 16 years or older who is not a native French speaker and their scores are valid for two years. The exams measure the quantitative and qualitative level of a candidate&#8217;s linguistic and communication skills that correspond to levels of the Common European Framework of Reference for Languages. They are made up of three mandatory and two optional sections. The Reading, Listening and Vocabulary &amp; Structures sections are mandatory and must be taken together, while the Writing and Speaking sections are optional and can be taken separately. There are different versions of the TEF and TCF for specific purposes.<br \/>\nTEF Canada<br \/>\nTo start with, the Test d\u2019\u00c9valuation de Fran\u00e7ais pour le Canada (TEF Canada)\u00a0is a test of general French which assesses the level of proficiency in French of francophones and non-francophones alike. The TEF Canada is a specialized exam for all persons wishing to immigrate to any province in Canada outside of Qu\u00e9bec. This test is similar to the TCF Canada as well.<br \/>\nThe TEF Canada is recognised as official proof of language proficiency by Citizenship and Immigration Canada (CIC) for permanent residency applications, Canada Immigration and Canadian citizenship applications. The only accepted exam for proving French-language proficiency in Express Entry is the Test d\u2019\u00c9valuation du Fran\u00e7ais (TEF Canada) so if you want to claim points for French, you must take this exam.\u00a0<br \/>\nAll Express Entry candidates must include a language test. However, those including French-language test results from the TEF exam may have a few advantages. First, if a candidate submits TEF results showing Canadian Language Benchmark (CLB) Level 7 or higher, they will receive additional points for French-language. As well, French-language proficiency may make candidates eligible for some French-speaking\u00a0Provincial Nominee Programs\u00a0(PNPs), like that of Ontario.TEFAQ<br \/>\nThe Test d\u2019E\u0301valuation de Fran\u00e7ais adapte\u0301 au Que\u0301bec (TEFAQ) is recognised as official proof of language proficiency by the Minist\u00e8re de l\u2019Immigration et des Communaut\u00e9s Culturelles du Qu\u00e9bec (MICC)\u00a0for certificat de s\u00e9lection du Qu\u00e9bec applications.This test is quite similar to the TCFQ (Test De Connaissance Du Fran\u00e7ais Pour Le Qu\u00e9bec) test. It is valid mainly in the Qu\u00e9bec Immigration\u00a0(Certificat de s\u00e9lection du Qu\u00e9bec).Those who speak French may qualify for other Canadian immigration programs as well. Specifically, Canada\u2019s French-speaking\u00a0province of Quebec, has a range of immigration programs for French-speaking skilled workers. For example, the\u00a0Quebec Experience Program\u00a0(PEQ) requires that all candidates are proficient in French. As well, the\u00a0Quebec Skilled Worker\u00a0(QSW) program is a competitive program, giving an advantage to those with demonstrated abilities in French.Notably, the Quebec immigration programs do not use the TEF Canada to assess candidates. Rather, Quebec uses the Test d\u2019\u00c9valuation de Fran\u00e7ais pour l\u2019acc\u00e8s au Qu\u00e9bec (TEFAQ).<br \/>\nTEF Pour les E\u0301tudes<br \/>\nThe Test d\u2019Evaluation de Fran\u00e7ais (TEF) pour les e\u0301tudes is designed to assess the level of French language of people who are not native French speakers. It is useful if you need to evaluate your French skills for French universities or for work. TEF is also used to gain admittance to French Universities or for Canadian Immigration, or for work.\u00a0Officially recognised by the French Ministry of National Education since 2004,\u00a0TEF \u00c9tudes\u00a0evaluates the proficiency in written and spoken French of any foreign student applying to enrol on an undergraduate programme of study at a French university (article D. 612-12 of the French Education Code).TEF Naturalisation<br \/>\nAs of February 1, 2020, persons wishing to acquire French nationality must attest to their level of spoken French, as ordered by France&#8217;s decree n\u00b00303 of December 31, 2020. The TEF NAT (Test d&#8217;\u00c9valuation de Fran\u00e7ais pour l\u2019Acc\u00e8s \u00e0 la Nationalit\u00e9 Fran\u00e7aise) can be used to meet this requirement. Candidates must present themselves for TEF NAT assessment of listening comprehension and oral expression at a testing center recognized by the Chambre de Commerce et d\u2019Industrie de Paris (CCIP).Please note that the TEF NAT is a Computer-Based testing. The TEF pour naturalisation is recognized by the Ministry of the Interior and is essential in the context of an application for naturalization to the French State.<br \/>\nTest De Connaissance Du Fran\u00e7ais Tout Public<br \/>\nThe\u00a0Test de Connaissance du fran\u00e7ais (TCF)\u00a0is intended to non-native French speakers who wish to assess and certify their level of proficiency in French in a simple and reliable fashion for:<\/p>\n<p>Personal purposes: the TCF provides a snapshot of the candidate\u2019s proficiency in written and oral French.<br \/>\nProfessional purposes: the TCF certificate is a benchmark of the candidate\u2019s language abilities and may be used to enhance job applications.<br \/>\nAcademic purposes: the TCF is required by postsecondary education institutes for students wishing to apply for the final year in undergraduate or postgraduate programs.Test De Connaissance Du Fran\u00e7ais Pour L\u2019acc\u00e8s \u00c0 La Nationalit\u00e9 Fran\u00e7aise<br \/>\nThe\u00a0TCF for French nationality (TCF ANF)\u00a0is specifically designed to meet the new provisions introduced by the\u00a0Minist\u00e8re fran\u00e7ais de l\u2019Int\u00e9rieur, de l\u2019Outre-mer, des Collectivit\u00e9s territoriales et de l\u2019Immigration\u00a0related to the assessment of French language proficiency for applicants to French citizenship.Offered since January 2012, the TCF ANF was specifically designed to comply with the new measures introduced by the French Interior Ministry (decree 2011-1265 of 11 October 2011) set at oral level B1 (listening and speaking examinations), the minimum level of French proficiency required for candidates to French citizenship.As an exception, the French authorities will also accept results to TCF for the general public complete with an oral expression examination, and to the TCF Qu\u00e9bec (with speaking and listening examinations), resulting in level B1 minimum.DELF B1, B2 or DALF C1, C2 diploma holders are also exempt from the test.<br \/>\nTest De Connaissance Du Fran\u00e7ais Pour Demande D\u2019admission Pr\u00e9alable<br \/>\nIf you want to register in France for first or second-year undergraduate studies or for a school of architecture and you do not have the DELF B2 or DALF diploma, you must take the specific TCF test for the preliminary admission application, called \u201cTCF pour la DAP\u201d.This test allows you to show your linguistics competence in order to be allowed to school in the French country whether France, Canada, Belgium among others as a bonafide French speaker.DELF<br \/>\nDELF\u00a0stands for\u00a0Dipl\u00f4me d\u2019\u00e9tudes en langue fran\u00e7aise\u00a0(Diploma of French-language studies).\u00a0The DELF certificate is suitable for language learners of all levels, and there are a number of purposes for which students usually take the exam.If you wish to study a bachelor\u2019s degree at a French university, you have to pass DELF B2 for entry into the first year.\u00a0If you wish to enter the INBP (National Institute of Bakery and Pastry), you\u2019ll sit an entrance exam that is similar to the DELF B2 exam, so a DELF preparation course is a suitable and helpful option.\u00a0In Switzerland, some jobs in the public sector require certain levels of DELF.\u00a0The DELF diploma is recognised all over the world \u2013 it is given by the French Ministry of Education so it is as official as it gets!\u00a0The DELF\u00a0diploma covers the first four levels of the Council of Europe\u2019s Common European Framework of Reference for Languages (CEFRL): levels A1, A2, B1 and B2, from elementary to upper intermediate.<br \/>\nDALF<br \/>\nThe DALF certificate is useful to anyone wanting to pursue higher education studies in France or in French, as it certifies you have the required language skills and you won\u2019t need to take a separate language test.If you\u2019re planning on applying to study a master\u2019s degree at a university in France, you have to pass DALF C1. It\u2019s also open to you if you simply want to improve your French for pleasure \u2013 and if you enjoy working autonomously, you\u2019ll really enjoy this course.\u00a0DALF is also often the diploma of choice for anyone wanting to get a job in large companies where employees are expected to be fluent in French, which is the case in many large Swiss companies, for example.\u00a0In Switzerland, there are also certain public-sector jobs for which you need to attain a certain level of DALF. The DALF\u00a0diploma covers the last two levels of the Council of Europe\u2019 s Common European Framework of Reference for Languages (CEFRL): levels C1-C2.\u00a0As an official state-issued diploma, DALF is recognised all over the world.Our Classes<br \/>\nAt A.O.S Academy Ltd, we have different classes from the very basic French level &#8211; Beginner A1, Elementary level A2, to Intermediate level &#8211; B1, Independent level &#8211; B2, up until the Advanced level &#8211; C1 and the Expert level &#8211; C2. Come enroll for any of our physical classes or online courses and start or continue your French language learning journey. You can reach out to us also to prepare you for any of the TEF, TCF or DELF-DALF tests.\u00a0We have qualified coaches who have taken and excelled in these tests. They have years of experience teaching French and preparing candidates for these French internationally recognized tests and have a fail-proof way of making you pass them.Contact us on 08107714449 or 09091884943 or even mail us on admin@aosacademy.com\u00a0to register and start your classes. You can also visit www.frenchTEFcanada.com\u00a0now to start taking our free or paid online courses too.<\/p>\n","protected":false},"excerpt":{"rendered":"<p>TEF Canada test especially seems to be the new trend that most Canadian Immigration applicants are thinking of, talking about and wanting to take but not everyone knows the reasons why it is quite important to do so. Thus, in this blog article, I would like to educate you all about the various benefits for taking and excelling in TEF Canada or TCF test and even DELF-DALF not only for Canada Immigration purposes but other major reasons&#8230;<\/p>\n","protected":false},"author":1,"featured_media":0,"parent":0,"menu_order":20,"comment_status":"closed","ping_status":"closed","template":"","meta":{"footnotes":""},"class_list":["post-64","page","type-page","status-publish","hentry"],"_links":{"self":[{"href":"https:\/\/backup.aosacademy.com\/index.php?rest_route=\/wp\/v2\/pages\/64","targetHints":{"allow":["GET"]}}],"collection":[{"href":"https:\/\/backup.aosacademy.com\/index.php?rest_route=\/wp\/v2\/pages"}],"about":[{"href":"https:\/\/backup.aosacademy.com\/index.php?rest_route=\/wp\/v2\/types\/page"}],"author":[{"embeddable":true,"href":"https:\/\/backup.aosacademy.com\/index.php?rest_route=\/wp\/v2\/users\/1"}],"replies":[{"embeddable":true,"href":"https:\/\/backup.aosacademy.com\/index.php?rest_route=%2Fwp%2Fv2%2Fcomments&post=64"}],"version-history":[{"count":0,"href":"https:\/\/backup.aosacademy.com\/index.php?rest_route=\/wp\/v2\/pages\/64\/revisions"}],"wp:attachment":[{"href":"https:\/\/backup.aosacademy.com\/index.php?rest_route=%2Fwp%2Fv2%2Fmedia&parent=64"}],"curies":[{"name":"wp","href":"https:\/\/api.w.org\/{rel}","templated":true}]}}