{"id":77,"date":"2021-09-06T12:32:55","date_gmt":"2021-09-06T12:32:55","guid":{"rendered":"https:\/\/backup.aosacademy.com\/language-teaching-and-test-preparation-collaboration-between-a-o-s-academy-and-prepmyfuture\/"},"modified":"2021-09-06T12:32:55","modified_gmt":"2021-09-06T12:32:55","slug":"language-teaching-and-test-preparation-collaboration-between-a-o-s-academy-and-prepmyfuture","status":"publish","type":"page","link":"https:\/\/backup.aosacademy.com\/?page_id=77","title":{"rendered":"Language Teaching and Test Preparation Collaboration Between A.O.S Academy and PrepMyFuture"},"content":{"rendered":"<p>As A.O.S Academy tries to fulfill its vision statement of being \u201cthe No. 1 Online Language and Linguistics Institute in not just Nigeria, Africa but the Entire World\u201d, it is forming now indelible collaborations and partnerships with the world\u2019s best language schools and online test preparation platforms&#8230;<\/p>\n<p>As A.O.S Academy tries to fulfill its vision statement of being \u201cthe No. 1 Online Language and Linguistics Institute in not just Nigeria, Africa but the Entire World\u201d, it is forming now indelible collaborations and partnerships with the world\u2019s best language schools and online test preparation platforms.<br \/>\nOur 5-Years Anniversary Plan<br \/>\nAlso, we are not only seeking to working together with these organizations but also using the medium to celebrate our 5-Years Anniversary as we move completely online to accomplish our vision for our institute. In other words, we will be organizing our English, French, Chinese, German and Spanish language learning classes, IELTS, TEF Canada, TOEFL, TCF &amp; DELF-DALF preparation, research assistance services, and other businesses virtually from the comfort of our websites: www.aosacademy.com, www.frenchTEFcanada.com and social media platforms including Whatsapp via our phone numbers: +2348107714449 and +2349091884943.<br \/>\nEarlier Partnership<br \/>\nWithin the early periods of the year 2021, the management of A.O.S Academy partnered with Alliance Fran\u00e7aise, Ilorin in preparing and getting candidates ready for the DELF-DALF exams while the tests are conducted in the premises of the school. Efforts are being done at the moment to fully register Alliance Fran\u00e7aise, Ilorin with CCI Paris in order to take the TEF exams in the center on or before the end of the year.Recent Collaboration<br \/>\nWe have also collaborated with www.prepmyfuture.com to help with preparing our candidates well for series of tests including IELTS, TOEFL, DELF-DALF, TEF &amp; TCF Canada. The official PrepMyFuture platform has now teamed up with us to provide timely study materials and accurate past questions with answers and English translations.<br \/>\nSome of the features of their website are as follows:<br \/>\nThe PrepMyTEF A1-C2 preparation (co-developed in partnership with Chambre de Commerce de Paris) which includes:<\/p>\n<p>1 placement test (with timer)<br \/>\n3 complete official mock exams (complete 5 modules) (with timer)<br \/>\n2 complete official mock exams TEF Naturalisation (with timer)<br \/>\n2 complete official mock exams TEF R\u00e9sident (with timer)<br \/>\nOver 35 Lesson Sheets (examples \/ strategies \/ grammar \/ vocabulary)<br \/>\nOver 1650 Practice Exercises and Corrections in English and French<br \/>\nCustomized Study ProgramsPrepMyTCF A1-C2 preparation<br \/>\nThe PrepMyTCF A1-C2 preparation (co-developed in partnership with Chambre de Commerce de Paris) which includes:<\/p>\n<p>All 5 test versions: TCF Tout Public (TP), TCF Acc\u00e8s \u00e0 la Nationalit\u00e9 Fran\u00e7aise (ANF), TCF Carte de R\u00e9sident en France (CRF), TCF Qu\u00e9bec (QC) et TCF Canada (CA).<br \/>\n1 placement test (with timer)<br \/>\n3 complete mock exams in the Tout Public format (complete 5 modules) (with timer)<br \/>\n1 complete mock exam for each TCF test format : Canada, CRF, ANF et Qu\u00e9bec<br \/>\nOver 35 Lesson Sheets (examples \/ strategies \/ grammar \/ vocabulary)<br \/>\nOver 960 Practice Exercises and Corrections in English and French<br \/>\nCustomized Study Programs<\/p>\n<p>PrepMyIELTS General preparation<br \/>\nThe PrepMyIELTS General preparation (co-developed with IELTS Professors &amp; International English Language Teachers) which includes:<\/p>\n<p>1 placement test<br \/>\n2 complete mock exams (timed with a chronometer)<br \/>\nover 75 Lesson Sheets (examples \/ strategies \/ grammar \/ vocabulary)<br \/>\nover 2600 Practice Exercises and Corrections in English and French<br \/>\nCustomized Study ProgramsPrepMyTOEFL iBT preparation<br \/>\nThe PrepMyTOEFL iBT preparation (co-developed with TOEFL Professors &amp; International English Language Teachers) which includes:<\/p>\n<p>Ability to display the scripts<br \/>\nDetailed explanations<br \/>\nUser friendly interface<br \/>\nMonitor your performance<br \/>\nPerformance analysis concept by concept<br \/>\nWeaknesses identification<\/p>\n<p>TOEFL mock exams in exam conditions<br \/>\nAudio files<br \/>\nEstimation of your TOEFL score<br \/>\n100% compliant with the new version of the test (August 2019)<br \/>\nPresentation of the 4 sections of the TOEFL\u00ae<br \/>\nStrategies for the types of questions<br \/>\nGrammar refreshers for your essays<br \/>\nVocabulary modules for academic topics<br \/>\nLists of the most common TOEFL\u00ae words<\/p>\n<p>NEW DELF B1 &#038; Old Format B2 (Tout Public)<br \/>\nThe preparation to the NEW DELF B1 &amp; Old Format B2 (Tout Public) originates from a collaboration with Alliance Fran\u00e7aise de Paris which is:<br \/>\nReliable:\u00a0PrepMyDELF is designed by DELF specialists: the Alliance Fran\u00e7aise de Paris trains several hundreds of DELF test takers every year. The Alliance Fran\u00e7aise de Paris also has strong ties to the DELF exams since they were in charge of their pedagogical conception for many years.<br \/>\nFlexible:\u00a0You can access the platform for 12 months.<br \/>\nAll-in-one:\u00a0The platform contains everything you may need: methodology, tips, mock exams, adaptative exercises, and many other resources that will help you improve your French.<br \/>\nEfficient:\u00a0The adaptive learning technology allows you to train more effectively.<br \/>\nAlways up to date:\u00a0Their editorial team updates the preparation content every year thanks to their exchanges with France \u00c9ducation Internationale (the institution in charge of the DELF), but also thanks to feedback from users and partner schools like ours.Other Features<br \/>\nSimulation of exam conditions<\/p>\n<p>Exact replication of the DELF B1 (new 2021 version) &amp; Old Format B2 (Tout Public)<br \/>\nStudio recorded audios<\/p>\n<p>Detailed corrections<\/p>\n<p>Each question is accompanied by an explanation<br \/>\nLinks to relevant files provided with each exercise<\/p>\n<p>Lesson sheets<\/p>\n<p>Lesson sheets for each type of question<br \/>\nMethodology advice and tips<br \/>\n\u00ab\u00a0Specific DELF B1\u00a0&amp; Old Format B2 (Tout Public)\u00bb Vocabulary lists<\/p>\n<p>Performance analysis<\/p>\n<p>Self-correcting exercises<br \/>\nProgress tracking<br \/>\nIdentification of strengths and weaknesses<\/p>\n<p>Trainings<\/p>\n<p>Adaptive exercises for each concept<br \/>\nExercises covering every level<\/p>\n<p>Our Institute\u2019s Input<br \/>\nTo bring more value to our candidates and clientele, the team of A.O.S Academy has also taken it upon themselves to provide easy-to-follow online courses and preparation guides to be used with the tests, mock exams, lesson sheets, exercises and programs of PrepMyFuture.<br \/>\nThe online courses ranges from A1 to C2 levels for group students &amp; private one-on-one coaching candidates and are featured on our school\u2019s website: www.frenchTEFcanada.com; through which a candidate will learn:<\/p>\n<p>How to start up learning French from scratch<br \/>\nHow to set up your life to French culture<br \/>\nHow to learn French sounds and speak like a French person<br \/>\nHow to form French words and conjugate verbs<br \/>\nHow to tell the gender of French nouns and adjectives<br \/>\nHow to construct sentences and rules guiding it<br \/>\nAbility to converse in French on daily testable topics<br \/>\nHow to use sentences to form paragraph and speeches<br \/>\nHow to give details from French designs, sketches, graphs, drawings, charts and pictures<br \/>\nHow to be spontaneous in your speech to show eloquence and more<br \/>\nHow to listen to, read and understand French passages, compositions and textsWHAT&#8217;S INSIDE THE COURSES?<br \/>\nMODULE 1 &#8211; PLAN YOUR FRENCH LEARNING How to plan your schedule and language learning journey How to easily invite your family, friends, colleagues at work, children to assist you in learning French How to set up your house, office, library, study area and all gadgets for French lifestyle  MODULE 2 &#8211; LEARN FRENCH SOUNDS How to sound just like a native French speaker during speech Learning of French consonant and vowel sounds distinguishing French signs and symbols Mastering how to join and link sounds in French words  MODULE 3 &#8211; MASTER FRENCH WORDS How to conjugate verbs in their present, past, future and their kinds How to tell the gender distinctions of nouns and adjectives How to use French numbers in daily life scenarios Understanding words, their usages and various contexts  MODULE 4 &#8211; CONSTRUCT FRENCH SENTENCES Learning the rules that guide the combination of words How to form different types of sentences in French Differentiating between the active and passive sentences Knowing how to form the direct and indirect speech  MODULE 5 &#8211; DESCRIBE FRENCH PICTURES How to make a comparison of details in French drawings How to understand the logic behind French charts and graphs How to associate illustrations to audio messages How to interpret French symbols and representations  MODULE 6 &#8211; CONVERSE IN FRENCH How to be spontaneous in order to show eloquence in your speech The specific kinds of conversations that are looked out for in the TEF Canada<br \/>\nTHAT&#8217;S NOT ALL&#8230;YOU ALSO HAVE BONUSES<br \/>\nBonus One &#8211; TEF Marking Guide Know the 11 key marking TEF principles Understand the Self Evaluation Technique Get acquainted with the specific sub-skills TEF examiners look out for in candidates&#8217; tests  Bonus Two &#8211; Language Learning Mindset Masterclass The difference between myths and facts of French language learning and TEF exam What to do when you feel like quitting the French learning process The secret device used in acquiring and maintaining the French accent  Bonus Three &#8211; Effective E-learning Tools for TEF How to build an online library of books and resource materials for French learning Language simulations and games for your French learning Interlanguage social media platforms for fast French learning based on your level<br \/>\nOn the other hand, the guides are series of ebooks and paperbacks that are provided to the candidates online during our virtual classes through our websites or Amazon marketplace:<\/p>\n<p>English for IELTS Candidates \u2013 A team effort of A.O.S TEFL Certified Coaches<br \/>\nFrench for TEF Canada (FTC) \u2013 6-series A1-C2 French Levels books<\/p>\n<p>In these books, the required strategies and techniques for the IELTS, TCF &amp; TEF Canada are shared in a learnable way in order to make candidates master the rudiments and rocky areas of the tests while preparing them for the best grades possible (7.5+ minimum guaranteed). For more information, visit www.frenchTEFcanada.com\/courses\u00a0Our Best Advice<br \/>\nFor candidates who want to prepare for any of the tests, the best approach is to apply for any of our test preparation classes (be it the part-time, full-time or private coaching) together with the PrepMyFuture registration to our institute in order to benefit from their latest past questions and study materials on each of the test. At the end of the preparation, the candidate can now confidently go take the test at any Alliance Fran\u00e7aise after registering through us. For more enquiries, contact us on +2348107714449, +2349091884943 or visit www.aosacademy.com\/ www.frenchTEFcanada.com and you can send us an email on admin@aosacademy.com. \u00a0<\/p>\n","protected":false},"excerpt":{"rendered":"<p>As A.O.S Academy tries to fulfill its vision statement of being \u201cthe No. 1 Online Language and Linguistics Institute in not just Nigeria, Africa but the Entire World\u201d, it is forming now indelible collaborations and partnerships with the world\u2019s best language schools and online test preparation platforms&#8230;<\/p>\n","protected":false},"author":1,"featured_media":0,"parent":0,"menu_order":19,"comment_status":"closed","ping_status":"closed","template":"","meta":{"footnotes":""},"class_list":["post-77","page","type-page","status-publish","hentry"],"_links":{"self":[{"href":"https:\/\/backup.aosacademy.com\/index.php?rest_route=\/wp\/v2\/pages\/77","targetHints":{"allow":["GET"]}}],"collection":[{"href":"https:\/\/backup.aosacademy.com\/index.php?rest_route=\/wp\/v2\/pages"}],"about":[{"href":"https:\/\/backup.aosacademy.com\/index.php?rest_route=\/wp\/v2\/types\/page"}],"author":[{"embeddable":true,"href":"https:\/\/backup.aosacademy.com\/index.php?rest_route=\/wp\/v2\/users\/1"}],"replies":[{"embeddable":true,"href":"https:\/\/backup.aosacademy.com\/index.php?rest_route=%2Fwp%2Fv2%2Fcomments&post=77"}],"version-history":[{"count":0,"href":"https:\/\/backup.aosacademy.com\/index.php?rest_route=\/wp\/v2\/pages\/77\/revisions"}],"wp:attachment":[{"href":"https:\/\/backup.aosacademy.com\/index.php?rest_route=%2Fwp%2Fv2%2Fmedia&parent=77"}],"curies":[{"name":"wp","href":"https:\/\/api.w.org\/{rel}","templated":true}]}}